{"id":1825,"date":"2025-02-28T16:11:26","date_gmt":"2025-02-28T16:11:26","guid":{"rendered":"https:\/\/gallant-antonelli.185-146-238-135.plesk.page\/?page_id=1825"},"modified":"2025-07-04T19:34:21","modified_gmt":"2025-07-04T19:34:21","slug":"blog","status":"publish","type":"page","link":"https:\/\/heilzeit.karin-mueller.com\/index.php\/blog\/","title":{"rendered":"Blog"},"content":{"rendered":"\t\t<div data-elementor-type=\"wp-page\" data-elementor-id=\"1825\" class=\"elementor elementor-1825\">\n\t\t\t\t<div class=\"aux-parallax-section elementor-element elementor-element-e7a1367 e-flex e-con-boxed e-con e-parent\" data-id=\"e7a1367\" data-element_type=\"container\" data-e-type=\"container\" data-settings=\"{&quot;background_background&quot;:&quot;classic&quot;}\">\n\t\t\t\t\t<div class=\"e-con-inner\">\n\t\t\t\t<div class=\"elementor-element elementor-element-78e9a56 elementor-widget elementor-widget-heading\" data-id=\"78e9a56\" data-element_type=\"widget\" data-e-type=\"widget\" data-widget_type=\"heading.default\">\n\t\t\t\t<div class=\"elementor-widget-container\">\n\t\t\t\t\t<h2 class=\"elementor-heading-title elementor-size-default\">Aktuelle Beitr\u00e4ge zu Heilimpulsen und Tierkommunikation<\/h2>\t\t\t\t<\/div>\n\t\t\t\t<\/div>\n\t\t\t\t<div class=\"elementor-element elementor-element-05f4973 elementor-widget elementor-widget-text-editor\" data-id=\"05f4973\" data-element_type=\"widget\" data-e-type=\"widget\" data-widget_type=\"text-editor.default\">\n\t\t\t\t<div class=\"elementor-widget-container\">\n\t\t\t\t\t\t\t\t\t<p>Inspiration und Einblicke<\/p>\t\t\t\t\t\t\t\t<\/div>\n\t\t\t\t<\/div>\n\t\t\t\t<div class=\"elementor-element elementor-element-aaf065a elementor-widget elementor-widget-text-editor\" data-id=\"aaf065a\" data-element_type=\"widget\" data-e-type=\"widget\" data-widget_type=\"text-editor.default\">\n\t\t\t\t<div class=\"elementor-widget-container\">\n\t\t\t\t\t\t\t\t\t<p>Willkommen auf meinem Blog! Hier teile ich spannende Beitr\u00e4ge rund um Themen wie Tierkommunikation, Heilimpulse und pers\u00f6nliche Erfahrungen. Lass dich von meinen Gedanken inspirieren und bleibe \u00fcber aktuelle Entwicklungen und Angebote auf dem Laufenden.<\/p>\t\t\t\t\t\t\t\t<\/div>\n\t\t\t\t<\/div>\n\t\t\t\t\t<\/div>\n\t\t\t\t<\/div>\n\t\t<div class=\"aux-parallax-section elementor-element elementor-element-6361841 e-flex e-con-boxed e-con e-parent\" data-id=\"6361841\" data-element_type=\"container\" data-e-type=\"container\" data-settings=\"{&quot;background_background&quot;:&quot;classic&quot;}\">\n\t\t\t\t\t<div class=\"e-con-inner\">\n\t\t\t\t<div class=\"elementor-element elementor-element-50cb0aa elementor-widget elementor-widget-heading\" data-id=\"50cb0aa\" data-element_type=\"widget\" data-e-type=\"widget\" data-widget_type=\"heading.default\">\n\t\t\t\t<div class=\"elementor-widget-container\">\n\t\t\t\t\t<h2 class=\"elementor-heading-title elementor-size-default\">Meine letzten Beitr\u00e4ge<\/h2>\t\t\t\t<\/div>\n\t\t\t\t<\/div>\n\t\t\t\t<div class=\"elementor-element elementor-element-8bec790 premium-blog-align-left elementor-widget elementor-widget-premium-addon-blog\" data-id=\"8bec790\" data-element_type=\"widget\" data-e-type=\"widget\" data-settings=\"{&quot;filter_flag&quot;:&quot;cat&quot;,&quot;premium_blog_columns_number&quot;:&quot;100%&quot;,&quot;premium_blog_infinite_scroll&quot;:&quot;yes&quot;,&quot;premium_blog_columns_number_tablet&quot;:&quot;100%&quot;,&quot;premium_blog_grid&quot;:&quot;yes&quot;,&quot;premium_blog_layout&quot;:&quot;even&quot;,&quot;premium_blog_columns_number_mobile&quot;:&quot;100%&quot;,&quot;scroll_to_offset&quot;:&quot;yes&quot;}\" data-widget_type=\"premium-addon-blog.default\">\n\t\t\t\t<div class=\"elementor-widget-container\">\n\t\t\t\t\t\n\t\t\t\t\t\t\t<div class=\"premium-blog-filter\">\n\t\t\t<ul class=\"premium-blog-filters-container\">\n\t\t\t\t\t\t\t\t\t<li>\n\t\t\t\t\t\t<a href=\"javascript:;\" class=\"category active\" data-filter=\"*\">\n\t\t\t\t\t\t\tAlle\t\t\t\t\t\t<\/a>\n\t\t\t\t\t<\/li>\n\t\t\t\t\t\t\t\t\t\t\t\t\t\t<li>\n\t\t\t\t\t\t\t<a href=\"javascript:;\" class=\"category\" data-filter=\"impulse\">\n\t\t\t\t\t\t\t\tImpulse\t\t\t\t\t\t\t<\/a>\n\t\t\t\t\t\t<\/li>\n\t\t\t\t\t\t\t\t\t\t<li>\n\t\t\t\t\t\t\t<a href=\"javascript:;\" class=\"category\" data-filter=\"tiergedanken\">\n\t\t\t\t\t\t\t\tTiergedanken\t\t\t\t\t\t\t<\/a>\n\t\t\t\t\t\t<\/li>\n\t\t\t\t\t\t\t<\/ul>\n\t\t<\/div>\n\t\t\t\t\n\n\t\t\t\t<div class=\"premium-blog-wrap  premium-blog-even\" data-page=\"1825\">\n\t\t\t\t\t\t\t\t\t<div class=\"premium-blog-post-outer-container impulse\" data-total=\"1\">\n\t\t\t<div class=\"premium-blog-post-container premium-blog-skin-side\">\n\t\t\t\t\t\t\t\t\t<div class=\"premium-blog-thumb-effect-wrapper\">\n\t\t\t\t\t\t<div class=\"premium-blog-thumbnail-container premium-blog-zoomin-effect\">\n\t\t\t\t\t\t\t<img fetchpriority=\"high\" decoding=\"async\" width=\"2560\" height=\"1702\" src=\"https:\/\/heilzeit.karin-mueller.com\/wp-content\/uploads\/2025\/02\/km-u-feechen-im-Gras2-scaled.jpg\" class=\"attachment-full size-full wp-image-961\" alt=\"\" srcset=\"https:\/\/heilzeit.karin-mueller.com\/wp-content\/uploads\/2025\/02\/km-u-feechen-im-Gras2-scaled.jpg 2560w, https:\/\/heilzeit.karin-mueller.com\/wp-content\/uploads\/2025\/02\/km-u-feechen-im-Gras2-1536x1021.jpg 1536w, https:\/\/heilzeit.karin-mueller.com\/wp-content\/uploads\/2025\/02\/km-u-feechen-im-Gras2-2048x1362.jpg 2048w\" \/>\t\t\t\t\t\t<\/div>\n\t\t\t\t\t\t\t\t\t\t\t\t\t<div class=\"premium-blog-thumbnail-overlay\">\n\t\t\t\t\t\t\t\t<a class=\"elementor-icon\" href=\"https:\/\/heilzeit.karin-mueller.com\/index.php\/2025\/04\/16\/nach-dem-kurs-dranbleiben-und-ueben-im-alltag\/\" target=\"_blank\"><\/a>\n\t\t\t\t\t\t\t<\/div>\n\n\t\t\t\t\t\t\t\t\t\t\t\t\t\t\t\t\t\t<\/div>\n\t\t\t\t\t\t\t\t\t\t\t\t<div class=\"premium-blog-content-wrapper \">\n\n\t\t\t\t\t<div class=\"premium-blog-inner-container\">\n\n\t\t\t\t\t\t\t\t\t\t\t\t\t<div class=\"premium-blog-cats-container\">\n\t\t\t\t\t\t\t\t<ul class=\"post-categories\">\n\t\t\t\t\t\t\t\t\t<li><a href=\"https:\/\/heilzeit.karin-mueller.com\/index.php\/category\/impulse\/\" class=\"elementor-repeater-item-5dd9d8d\">Impulse<\/a><\/li>\t\t\t\t\t\t\t\t<\/ul>\n\t\t\t\t\t\t\t<\/div>\n\t\t\t\t\t\t\t\t\t\t\t\t\t\t<h2 class=\"premium-blog-entry-title\">\n\t\t\t<a href=\"https:\/\/heilzeit.karin-mueller.com\/index.php\/2025\/04\/16\/nach-dem-kurs-dranbleiben-und-ueben-im-alltag\/\" target=\"_blank\">\n\t\t\t\tNach dem Kurs &#8211; dranbleiben und \u00fcben im Alltag!\t\t\t<\/a>\n\t\t<\/h2>\n\t\t\t\t<div class=\"premium-blog-entry-meta\">\n\t\t\t\n\t\t\t\n\t\t\t\n\t\t\t\t\t<\/div>\n\t\t\n\t\t\t\t\t<\/div>\n\n\t\t\t\t\t\t\t<div class=\"premium-blog-content-inner-wrapper\">\n\t\t<p class=\"premium-blog-post-content\">In Seminaren \u00fcber Tierkommunikation - egal bei wem ihr sie besucht - geht es nicht um  das Neuerfinden des Rads, sondern ums Wiederentdecken von etwas, das uns allen angeboren ist. Ja, ich wei\u00df: ... aaaaber ...<\/p><div class=\"premium-blog-excerpt-link-wrap\"><a href=\"https:\/\/heilzeit.karin-mueller.com\/index.php\/2025\/04\/16\/nach-dem-kurs-dranbleiben-und-ueben-im-alltag\/\" target=\"_blank\" class=\"premium-blog-excerpt-link elementor-button\">Weiterlesen \u00bb<\/a><\/div>\t\t<\/div>\n\t\t\t\t\t\t\t\n\t\t\t\t<\/div>\n\t\t\t<\/div>\n\t\t<\/div>\n\n\t\t\t\t<div class=\"premium-blog-post-outer-container tiergedanken\" data-total=\"1\">\n\t\t\t<div class=\"premium-blog-post-container premium-blog-skin-side\">\n\t\t\t\t\t\t\t\t\t<div class=\"premium-blog-thumb-effect-wrapper\">\n\t\t\t\t\t\t<div class=\"premium-blog-thumbnail-container premium-blog-zoomin-effect\">\n\t\t\t\t\t\t\t<img decoding=\"async\" width=\"1703\" height=\"2560\" src=\"https:\/\/heilzeit.karin-mueller.com\/wp-content\/uploads\/2025\/02\/DSC_1292-min-scaled.jpg\" class=\"attachment-full size-full wp-image-1329\" alt=\"\" srcset=\"https:\/\/heilzeit.karin-mueller.com\/wp-content\/uploads\/2025\/02\/DSC_1292-min-scaled.jpg 1703w, https:\/\/heilzeit.karin-mueller.com\/wp-content\/uploads\/2025\/02\/DSC_1292-min-1022x1536.jpg 1022w, https:\/\/heilzeit.karin-mueller.com\/wp-content\/uploads\/2025\/02\/DSC_1292-min-1363x2048.jpg 1363w\" \/>\t\t\t\t\t\t<\/div>\n\t\t\t\t\t\t\t\t\t\t\t\t\t<div class=\"premium-blog-thumbnail-overlay\">\n\t\t\t\t\t\t\t\t<a class=\"elementor-icon\" href=\"https:\/\/heilzeit.karin-mueller.com\/index.php\/2025\/03\/05\/mein-neues-buch-copy\/\" target=\"_blank\"><\/a>\n\t\t\t\t\t\t\t<\/div>\n\n\t\t\t\t\t\t\t\t\t\t\t\t\t\t\t\t\t\t<\/div>\n\t\t\t\t\t\t\t\t\t\t\t\t<div class=\"premium-blog-content-wrapper \">\n\n\t\t\t\t\t<div class=\"premium-blog-inner-container\">\n\n\t\t\t\t\t\t\t\t\t\t\t\t\t<div class=\"premium-blog-cats-container\">\n\t\t\t\t\t\t\t\t<ul class=\"post-categories\">\n\t\t\t\t\t\t\t\t\t<li><a href=\"https:\/\/heilzeit.karin-mueller.com\/index.php\/category\/tiergedanken\/\" class=\"elementor-repeater-item-5dd9d8d\">Tiergedanken<\/a><\/li>\t\t\t\t\t\t\t\t<\/ul>\n\t\t\t\t\t\t\t<\/div>\n\t\t\t\t\t\t\t\t\t\t\t\t\t\t<h2 class=\"premium-blog-entry-title\">\n\t\t\t<a href=\"https:\/\/heilzeit.karin-mueller.com\/index.php\/2025\/03\/05\/mein-neues-buch-copy\/\" target=\"_blank\">\n\t\t\t\tKongruent leben &#8211; oder wieso Frauchens Selbstf\u00fcrsorge tierschutzrelevant ist\t\t\t<\/a>\n\t\t<\/h2>\n\t\t\t\t<div class=\"premium-blog-entry-meta\">\n\t\t\t\n\t\t\t\n\t\t\t\n\t\t\t\t\t<\/div>\n\t\t\n\t\t\t\t\t<\/div>\n\n\t\t\t\t\t\t\t<div class=\"premium-blog-content-inner-wrapper\">\n\t\t<p class=\"premium-blog-post-content\">Halten wir Menschen uns eigentlich artgerecht? Ich erlebe in meinen Kursen und durch die Tierkommunikationen so viele Menschen, die alles f\u00fcr ihre Tiere tun - die sich bereitwillig f\u00fcr ihren EInsatz im Tierschutz, f\u00fcr Tierarztkosten, bestes Futter und noch bessere Pflege in Schulden st\u00fcrzen und k\u00f6rperlich bis zur Ersch\u00f6pfung verausgaben. Aber wenn wir selbst immer am Limit leben - was ist mit unseren eigenen Batterien? Und wie geht es unseren Tieren damit?<\/p><div class=\"premium-blog-excerpt-link-wrap\"><a href=\"https:\/\/heilzeit.karin-mueller.com\/index.php\/2025\/03\/05\/mein-neues-buch-copy\/\" target=\"_blank\" class=\"premium-blog-excerpt-link elementor-button\">Weiterlesen \u00bb<\/a><\/div>\t\t<\/div>\n\t\t\t\t\t\t\t\n\t\t\t\t<\/div>\n\t\t\t<\/div>\n\t\t<\/div>\n\n\t\t\t\t\t\t\t<\/div>\n\n\t\t\n\t\t\n\t\t\t\t\t\t<\/div>\n\t\t\t\t<\/div>\n\t\t\t\t\t<\/div>\n\t\t\t\t<\/div>\n\t\t<div class=\"aux-parallax-section elementor-element elementor-element-a860cf6 e-flex e-con-boxed e-con e-parent\" data-id=\"a860cf6\" data-element_type=\"container\" data-e-type=\"container\" data-settings=\"{&quot;background_background&quot;:&quot;classic&quot;}\">\n\t\t\t\t\t<div class=\"e-con-inner\">\n\t\t<div class=\"elementor-element elementor-element-9b61595 e-con-full e-flex e-con e-child\" data-id=\"9b61595\" data-element_type=\"container\" data-e-type=\"container\">\n\t\t\t\t<div class=\"elementor-element elementor-element-7d2d30e elementor-widget elementor-widget-heading\" data-id=\"7d2d30e\" data-element_type=\"widget\" data-e-type=\"widget\" data-widget_type=\"heading.default\">\n\t\t\t\t<div class=\"elementor-widget-container\">\n\t\t\t\t\t<h2 class=\"elementor-heading-title elementor-size-default\">Nichts mehr verpassen!<\/h2>\t\t\t\t<\/div>\n\t\t\t\t<\/div>\n\t\t\t\t<div class=\"elementor-element elementor-element-7b038d9 elementor-widget elementor-widget-heading\" data-id=\"7b038d9\" data-element_type=\"widget\" data-e-type=\"widget\" data-widget_type=\"heading.default\">\n\t\t\t\t<div class=\"elementor-widget-container\">\n\t\t\t\t\t<h2 class=\"elementor-heading-title elementor-size-default\">Anmeldung f\u00fcr den Newsletter<\/h2>\t\t\t\t<\/div>\n\t\t\t\t<\/div>\n\t\t\t\t<div class=\"elementor-element elementor-element-91d7e51 elementor-widget elementor-widget-shortcode\" data-id=\"91d7e51\" data-element_type=\"widget\" data-e-type=\"widget\" data-widget_type=\"shortcode.default\">\n\t\t\t\t<div class=\"elementor-widget-container\">\n\t\t\t\t\t\t\t<div class=\"elementor-shortcode\"><style>\r\n  .custom-newsletter-form {\r\n    font-family: 'Montserrat', sans-serif;\r\n    max-width: 500px;\r\n    padding: 20px;\r\n  }\r\n\r\n  .custom-newsletter-form label {\r\n    font-weight: 500;\r\n    font-size: 15px;\r\n    color: #FEF6E6;\r\n    display: block;\r\n    margin-bottom: 5px;\r\n  }\r\n\r\n  .custom-newsletter-form input[type=\"text\"],\r\n  .custom-newsletter-form input[type=\"email\"] {\r\n    width: 100%;\r\n    font-family: 'Montserrat', sans-serif;\r\n    font-weight: 500;\r\n    font-size: 15px;\r\n    color: #FEF6E6;\r\n    background-color: #4C3E6C;\r\n    border: 8px solid #FEF6E6;\r\n    padding: 10px;\r\n    margin-bottom: 15px;\r\n    box-sizing: border-box;\r\n    border-radius: 0;\r\n  }\r\n\r\n  .custom-newsletter-form input::placeholder {\r\n    color: #FEF6E6;\r\n  }\r\n\r\n  .custom-newsletter-form input[type=\"checkbox\"] {\r\n    margin-right: 8px;\r\n    transform: scale(1.2);\r\n  }\r\n\r\n  .custom-newsletter-form .privacy-label {\r\n    font-family: 'Montserrat', sans-serif;\r\n    font-weight: 500;\r\n    font-size: 15px;\r\n    color: #FEF6E6;\r\n    display: flex;\r\n    align-items: flex-start;\r\n    margin-bottom: 20px;\r\n    line-height: 1.4;\r\n  }\r\n\r\n  .custom-newsletter-form .privacy-label a {\r\n    color: #FEF6E6;\r\n    text-decoration: underline;\r\n  }\r\n\r\n  .custom-newsletter-form input[type=\"submit\"] {\r\n    font-family: 'Montserrat', sans-serif;\r\n    font-weight: 500;\r\n    font-size: 15px;\r\n    color: #FEF6E6;\r\n    background-color: #4C3E6C;\r\n    border: 8px solid #E6A173;\r\n    padding: 10px 20px;\r\n    cursor: pointer;\r\n    border-radius: 0;\r\n  }\r\n\r\n  .custom-newsletter-form input[type=\"submit\"]:hover {\r\n    opacity: 0.9;\r\n  }\r\n<\/style>\r\n\r\n<div class=\"custom-newsletter-form\">\r\n  <form method=\"post\" action=\"https:\/\/karin-mueller.com\/wp-admin\/admin-ajax.php?action=tnp&na=s\">\r\n    <input type=\"hidden\" name=\"nlang\" value=\"\">\r\n\r\n    <div class=\"form-group\">\r\n      <label for=\"tnp-1\">Vorname<\/label>\r\n      <input class=\"tnp-name\" type=\"text\" name=\"nn\" id=\"tnp-1\" required>\r\n    <\/div>\r\n\r\n    <div class=\"form-group\">\r\n      <label for=\"tnp-2\">Nachname<\/label>\r\n      <input class=\"tnp-surname\" type=\"text\" name=\"ns\" id=\"tnp-2\" required>\r\n    <\/div>\r\n\r\n    <div class=\"form-group\">\r\n      <label for=\"tnp-3\">E-Mail-Adresse<\/label>\r\n      <input class=\"tnp-email\" type=\"email\" name=\"ne\" id=\"tnp-3\" required>\r\n    <\/div>\r\n\r\n    <div class=\"form-group\">\r\n      <label class=\"privacy-label\">\r\n        <input type=\"checkbox\" name=\"ny\" value=\"1\" required>\r\n        Ich akzeptiere die\u00a0<a href=\"https:\/\/heilzeit.karin-mueller.com\/index.php\/datenschutzerklaerung\/\" target=\"_blank\">Datenschutzerkl\u00e4rung<\/a>.\r\n      <\/label>\r\n    <\/div>\r\n\r\n    <div class=\"form-group\">\r\n      <input class=\"tnp-submit\" type=\"submit\" value=\"Abonnieren\">\r\n    <\/div>\r\n  <\/form>\r\n<\/div>\r\n<input type=\"hidden\" name=\"nlang\" value=\"\">\n<\/div>\n\t\t\t\t\t\t<\/div>\n\t\t\t\t<\/div>\n\t\t\t\t<\/div>\n\t\t\t\t\t<\/div>\n\t\t\t\t<\/div>\n\t\t\t\t<\/div>\n\t\t","protected":false},"excerpt":{"rendered":"<p>Aktuelle Beitr\u00e4ge zu Heilimpulsen und Tierkommunikation Inspiration und Einblicke Willkommen auf meinem Blog! Hier teile ich spannende Beitr\u00e4ge rund um Themen wie Tierkommunikation, Heilimpulse und pers\u00f6nliche Erfahrungen. Lass dich von meinen Gedanken inspirieren und bleibe \u00fcber aktuelle Entwicklungen und Angebote auf dem Laufenden. Meine letzten Beitr\u00e4ge Alle Impulse Tiergedanken Impulse Nach dem Kurs &#8211; dranbleiben [&hellip;]<\/p>\n","protected":false},"author":2,"featured_media":0,"parent":0,"menu_order":0,"comment_status":"closed","ping_status":"closed","template":"","meta":{"_metis_text_type":"standard","_metis_text_length":75,"_post_count":0,"footnotes":""},"class_list":["post-1825","page","type-page","status-publish","hentry"],"aioseo_notices":[],"public_identification_id":"563cc9188c9444d5a729c003365162c2","private_identification_id":"146985c64df34bb4b812ea6e2023a170","_links":{"self":[{"href":"https:\/\/heilzeit.karin-mueller.com\/index.php\/wp-json\/wp\/v2\/pages\/1825","targetHints":{"allow":["GET"]}}],"collection":[{"href":"https:\/\/heilzeit.karin-mueller.com\/index.php\/wp-json\/wp\/v2\/pages"}],"about":[{"href":"https:\/\/heilzeit.karin-mueller.com\/index.php\/wp-json\/wp\/v2\/types\/page"}],"author":[{"embeddable":true,"href":"https:\/\/heilzeit.karin-mueller.com\/index.php\/wp-json\/wp\/v2\/users\/2"}],"replies":[{"embeddable":true,"href":"https:\/\/heilzeit.karin-mueller.com\/index.php\/wp-json\/wp\/v2\/comments?post=1825"}],"version-history":[{"count":12,"href":"https:\/\/heilzeit.karin-mueller.com\/index.php\/wp-json\/wp\/v2\/pages\/1825\/revisions"}],"predecessor-version":[{"id":4217,"href":"https:\/\/heilzeit.karin-mueller.com\/index.php\/wp-json\/wp\/v2\/pages\/1825\/revisions\/4217"}],"wp:attachment":[{"href":"https:\/\/heilzeit.karin-mueller.com\/index.php\/wp-json\/wp\/v2\/media?parent=1825"}],"curies":[{"name":"wp","href":"https:\/\/api.w.org\/{rel}","templated":true}]}}